{"id":158,"date":"2022-01-30T20:54:32","date_gmt":"2022-01-30T20:54:32","guid":{"rendered":"https:\/\/akicom.de\/?page_id=158"},"modified":"2022-02-03T20:37:29","modified_gmt":"2022-02-03T20:37:29","slug":"downloads","status":"publish","type":"page","link":"https:\/\/akicom.de\/?page_id=158","title":{"rendered":"Downloads"},"content":{"rendered":"\n<p>Hier findet man das eine oder andere n\u00fctzliche Datenbank-Objekt und Installationsscript, dass ich im Laufe der Zeit geschrieben habe. M\u00f6ge es dem einen oder anderen weiterhelfen. Bei Fragen, W\u00fcnschen oder Verbesserungsvorschl\u00e4gen kann man sich gerne an mich wenden.<br>Und wenn einem meine Scripte gefallen und\/oder geholfen haben, dann kann man das hier gern honorieren.<\/p>\n\n\n\n<p><\/p>\n\n\n\n<h2 class=\"wp-block-heading\" id=\"LogFileMgr\"><strong>LogFileMgr &#8211; Logging aus der Datenbank<\/strong><\/h2>\n\n\n\n<p>Mit diesem PL\/SQL-Package ist es m\u00f6glich, Batchl\u00e4ufe, die in PL\/SQL geschrieben sind, in Logfiles im Betriebssystem (UNIX oder Windows) zu protokollieren. <br>Wie das genau geht wird im Blog &#8222;Protokollgr\u00fcsse aus der Datenbank  &#8211; Logging in PL\/SQL&#8220; erkl\u00e4rt. <br>Das Script <em>install_akitools_logfilemgr.sql<\/em>  installiert ein neues Schema <span style=\"color:#0066cc\" class=\"tadv-color\">AKITOOLS <\/span>in der Datenbank.  Es werden alle ben\u00f6tigten Rechte an das neue Schema vergeben und danach das Package <span style=\"color:#0066cc\" class=\"tadv-color\">logFileMagr<\/span> (File <em>pkg_akitools_logfilemgr.sql<\/em>) installiert. Zum Schluss wird das Package datenbankweit zugreifbar gemacht (public synonym und grant execute to public)<br>Das File <em>logging.cfg<\/em> ist ein Beispiel f\u00fcr die Konfiguration  des Loggings f\u00fcr verschiedene Module. Dieses File kann \u00fcberall auf dem Datenbankserver abgespeichert werden. Die Datenbank muss nur Zugriff darauf haben.  <br>Das File <em>proc_akitools_testLog.sql<\/em> enth\u00e4lt eine Prozedur, die den Umgang mit dem <span style=\"color:#0066cc\" class=\"tadv-color\">logFileMgr <\/span>zeigt.<\/p>\n\n\n\n<p><span style=\"text-decoration: underline;\"><strong>Installation<\/strong><\/span><\/p>\n\n\n\n<ol class=\"wp-block-list\"><li>Download der nachfolgenden Dateien <\/li><li>Editieren des Scripts <em>install_akitools_logfilemgr.sql <\/em><ul><li>Ersetzen von <strong>&lt;Password&gt;<\/strong> mit einem selbstgew\u00e4hlten Passwort f\u00fcr das Schema AKITOOLS<\/li><li> Ersetzen von <strong>&lt;Tablespace&gt;<\/strong> mit einem Tablespace in der Datenbank, in dem das Schema  AKITOOLS angelegt werden soll.<\/li><li> Abspeichern des Scripts.<\/li><\/ul><\/li><li>Kopieren aller Files in ein Verzeichnis<\/li><li>Starten von sqlplus <ul><li>Login als sys<\/li><li>Ausf\u00fchren des Scripts:  @<em>install_akitools_logfilemgr.sql<\/em><\/li><\/ul><\/li><\/ol>\n\n\n\n<div class=\"wp-block-group\"><div class=\"wp-block-group__inner-container is-layout-flow wp-block-group-is-layout-flow\">\n<div class=\"wp-block-file\"><a id=\"wp-block-file--media-31c6ef22-97f7-4314-a07f-f4b1d8b14416\" href=\"https:\/\/akicom.de\/wp-content\/uploads\/2022\/01\/install_akitools_logfilemgr-3.sql\">install_akitools_logfilemgr.sql<\/a><a href=\"https:\/\/akicom.de\/wp-content\/uploads\/2022\/01\/install_akitools_logfilemgr-3.sql\" class=\"wp-block-file__button\" download aria-describedby=\"wp-block-file--media-31c6ef22-97f7-4314-a07f-f4b1d8b14416\">Herunterladen<\/a><\/div>\n\n\n\n<div class=\"wp-block-file\"><a id=\"wp-block-file--media-dfb8ec10-fe5b-4be6-87c0-291893674ab0\" href=\"https:\/\/akicom.de\/wp-content\/uploads\/2022\/01\/pkg_akitools_logfilemgr-2.sql\">pkg_akitools_logfilemgr.sql<\/a><a href=\"https:\/\/akicom.de\/wp-content\/uploads\/2022\/01\/pkg_akitools_logfilemgr-2.sql\" class=\"wp-block-file__button\" download aria-describedby=\"wp-block-file--media-dfb8ec10-fe5b-4be6-87c0-291893674ab0\">Herunterladen<\/a><\/div>\n\n\n\n<div class=\"wp-block-file\"><a id=\"wp-block-file--media-2d5bb7e3-611b-4be8-98d9-09cae046c1ec\" href=\"https:\/\/akicom.de\/wp-content\/uploads\/2022\/01\/logging-2.cfg\">logging.cfg<\/a><a href=\"https:\/\/akicom.de\/wp-content\/uploads\/2022\/01\/logging-2.cfg\" class=\"wp-block-file__button\" download aria-describedby=\"wp-block-file--media-2d5bb7e3-611b-4be8-98d9-09cae046c1ec\">Herunterladen<\/a><\/div>\n\n\n\n<div class=\"wp-block-file\"><a id=\"wp-block-file--media-1843539f-3f33-41e9-9cd1-6f2fd3ff8291\" href=\"https:\/\/akicom.de\/wp-content\/uploads\/2022\/01\/proc_akitools_testLog-2.sql\">proc_akitools_testLog.sql<\/a><a href=\"https:\/\/akicom.de\/wp-content\/uploads\/2022\/01\/proc_akitools_testLog-2.sql\" class=\"wp-block-file__button\" download aria-describedby=\"wp-block-file--media-1843539f-3f33-41e9-9cd1-6f2fd3ff8291\">Herunterladen<\/a><\/div>\n<\/div><\/div>\n\n\n\n<div class=\"wp-block-columns is-layout-flex wp-container-core-columns-is-layout-1 wp-block-columns-is-layout-flex\">\n<div class=\"wp-block-column is-layout-flow wp-block-column-is-layout-flow\"><\/div>\n\n\n\n<div class=\"wp-block-column is-layout-flow wp-block-column-is-layout-flow\"><style>\r\n        .wpedon-container .wpedon-select,\r\n        .wpedon-container .wpedon-input {\r\n            width: 171px;\r\n            min-width: 171px;\r\n            max-width: 171px;\r\n        }\r\n    <\/style><div class='wpedon-container wpedon-align-left'><form target='_blank' action='https:\/\/www.paypal.com\/cgi-bin\/webscr' method='post' class='wpedon-form'><input type='hidden' name='cmd' value='_donations' \/><input type='hidden' name='business' value='andy.kielhorn@bluewin.ch' \/><input type='hidden' name='currency_code' value='CHF' \/><input type='hidden' name='notify_url' value='https:\/\/akicom.de\/wp-admin\/admin-post.php?action=add_wpedon_button_ipn'><input type='hidden' name='lc' value='en_US'><input type='hidden' name='bn' value='WPPlugin_SP'><input type='hidden' name='return' value='' \/><input type='hidden' name='cancel_return' value='' \/><input class='wpedon_paypalbuttonimage' type='image' src='https:\/\/www.paypal.com\/en_US\/i\/btn\/btn_donateCC_LG.gif' border='0' name='submit' alt='Make your payments with PayPal. It is free, secure, effective.' style='border: none;'><img alt='' border='0' style='border:none;display:none;' src='https:\/\/www.paypal.com\/en_US\/i\/scr\/pixel.gif' width='1' height='1'><input type='hidden' name='amount' id='amount_6066e279e1905524a8052223c4c6b702' value='' \/><input type='hidden' name='price' id='price_6066e279e1905524a8052223c4c6b702' value='' \/><input type='hidden' name='item_number' value='Download-LogFileMgr' \/><input type='hidden' name='item_name' value='LogFileMgr' \/><input type='hidden' name='name' value='LogFileMgr' \/><input type='hidden' name='custom' value='166'><input type='hidden' name='no_shipping' value='1'><input type='hidden' name='no_note' value='0'><input type='hidden' name='currency_code' value='CHF'><\/form><\/div>\n<\/div>\n<\/div>\n\n\n\n<p><\/p>\n","protected":false},"excerpt":{"rendered":"<p>Hier findet man das eine oder andere n\u00fctzliche Datenbank-Objekt und Installationsscript, dass ich im Laufe der Zeit geschrieben habe. M\u00f6ge es dem einen oder anderen weiterhelfen. Bei Fragen, W\u00fcnschen oder Verbesserungsvorschl\u00e4gen kann man sich gerne an mich wenden.Und wenn einem &hellip; <a href=\"https:\/\/akicom.de\/?page_id=158\">Weiterlesen <span class=\"meta-nav\">&rarr;<\/span><\/a><\/p>\n","protected":false},"author":1,"featured_media":0,"parent":0,"menu_order":0,"comment_status":"closed","ping_status":"closed","template":"","meta":{"footnotes":""},"class_list":["post-158","page","type-page","status-publish","hentry"],"jetpack_sharing_enabled":true,"_links":{"self":[{"href":"https:\/\/akicom.de\/index.php?rest_route=\/wp\/v2\/pages\/158"}],"collection":[{"href":"https:\/\/akicom.de\/index.php?rest_route=\/wp\/v2\/pages"}],"about":[{"href":"https:\/\/akicom.de\/index.php?rest_route=\/wp\/v2\/types\/page"}],"author":[{"embeddable":true,"href":"https:\/\/akicom.de\/index.php?rest_route=\/wp\/v2\/users\/1"}],"replies":[{"embeddable":true,"href":"https:\/\/akicom.de\/index.php?rest_route=%2Fwp%2Fv2%2Fcomments&post=158"}],"version-history":[{"count":29,"href":"https:\/\/akicom.de\/index.php?rest_route=\/wp\/v2\/pages\/158\/revisions"}],"predecessor-version":[{"id":268,"href":"https:\/\/akicom.de\/index.php?rest_route=\/wp\/v2\/pages\/158\/revisions\/268"}],"wp:attachment":[{"href":"https:\/\/akicom.de\/index.php?rest_route=%2Fwp%2Fv2%2Fmedia&parent=158"}],"curies":[{"name":"wp","href":"https:\/\/api.w.org\/{rel}","templated":true}]}}